{"id":438,"date":"2025-10-02T15:00:04","date_gmt":"2025-10-02T15:00:04","guid":{"rendered":"https:\/\/navieracentral.zoladesign.com\/?page_id=438"},"modified":"2025-10-10T13:45:16","modified_gmt":"2025-10-10T13:45:16","slug":"contactenos","status":"publish","type":"page","link":"https:\/\/navieracentral.com\/en\/contactenos\/","title":{"rendered":"Contact Us"},"content":{"rendered":"<div data-elementor-type=\"wp-page\" data-elementor-id=\"438\" class=\"elementor elementor-438\" data-elementor-post-type=\"page\">\n\t\t\t\t<div class=\"elementor-element elementor-element-5da238b e-flex e-con-boxed e-con e-parent\" data-id=\"5da238b\" data-element_type=\"container\" data-settings=\"{&quot;background_background&quot;:&quot;classic&quot;}\">\n\t\t\t\t\t<div class=\"e-con-inner\">\n\t\t<div class=\"elementor-element elementor-element-97151ae e-con-full e-flex e-con e-child\" data-id=\"97151ae\" data-element_type=\"container\" data-settings=\"{&quot;background_background&quot;:&quot;classic&quot;}\">\n\t\t\t\t<div class=\"elementor-element elementor-element-925130b elementor-widget elementor-widget-heading\" data-id=\"925130b\" data-element_type=\"widget\" data-widget_type=\"heading.default\">\n\t\t\t\t\t<h2 class=\"elementor-heading-title elementor-size-default\">Get in touch<\/h2>\t\t\t\t<\/div>\n\t\t\t\t<\/div>\n\t\t\t\t\t<\/div>\n\t\t\t\t<\/div>\n\t\t<div class=\"elementor-element elementor-element-99fc067 e-flex e-con-boxed e-con e-parent\" data-id=\"99fc067\" data-element_type=\"container\">\n\t\t\t\t\t<div class=\"e-con-inner\">\n\t\t\t\t<div class=\"elementor-element elementor-element-c9f2180 elementor-widget elementor-widget-heading\" data-id=\"c9f2180\" data-element_type=\"widget\" data-widget_type=\"heading.default\">\n\t\t\t\t\t<h1 class=\"elementor-heading-title elementor-size-default\">Contact Us<\/h1>\t\t\t\t<\/div>\n\t\t\t\t<div class=\"elementor-element elementor-element-5af3661 elementor-widget elementor-widget-text-editor\" data-id=\"5af3661\" data-element_type=\"widget\" data-widget_type=\"text-editor.default\">\n\t\t\t\t\t\t\t\t\t<p>Naviera Central is located in Baranquilla, Colombia.<\/p><p>For general questions or inquiries, please send an email via the link below or contact our office directly.<\/p>\t\t\t\t\t\t\t\t<\/div>\n\t\t\t\t\t<\/div>\n\t\t\t\t<\/div>\n\t\t<div class=\"elementor-element elementor-element-5368d24 e-flex e-con-boxed e-con e-parent\" data-id=\"5368d24\" data-element_type=\"container\">\n\t\t\t\t\t<div class=\"e-con-inner\">\n\t\t\t\t<div class=\"elementor-element elementor-element-0cff761 elementor-widget-divider--view-line elementor-widget elementor-widget-divider\" data-id=\"0cff761\" data-element_type=\"widget\" data-widget_type=\"divider.default\">\n\t\t\t\t\t\t\t<div class=\"elementor-divider\">\n\t\t\t<span class=\"elementor-divider-separator\">\n\t\t\t\t\t\t<\/span>\n\t\t<\/div>\n\t\t\t\t\t\t<\/div>\n\t\t\t\t\t<\/div>\n\t\t\t\t<\/div>\n\t\t<div class=\"elementor-element elementor-element-ac5d38d e-flex e-con-boxed e-con e-parent\" data-id=\"ac5d38d\" data-element_type=\"container\">\n\t\t\t\t\t<div class=\"e-con-inner\">\n\t\t\t\t<div class=\"elementor-element elementor-element-7cbede3 elementor-widget elementor-widget-heading\" data-id=\"7cbede3\" data-element_type=\"widget\" data-widget_type=\"heading.default\">\n\t\t\t\t\t<h2 class=\"elementor-heading-title elementor-size-default\">Office Locations<\/h2>\t\t\t\t<\/div>\n\t\t\t\t<div class=\"elementor-element elementor-element-8dafb8b elementor-widget__width-initial elementor-widget elementor-widget-text-editor\" data-id=\"8dafb8b\" data-element_type=\"widget\" data-widget_type=\"text-editor.default\">\n\t\t\t\t\t\t\t\t\t<p><strong>NAVIERA HEADQUARTERS<\/strong><\/p><p>Naviera Central<br \/>Calle 77 B No. 59-61 Oficina 811<br \/>Centro Empresarial Las Americas II<br \/>Barranquilla, Colombia 080002<br \/><a href=\"tel:+576053100630\">T: + 57 605 310-0630<\/a><br \/><a href=\"tel:573104595390\">C: +57 310 459 5390<\/a><\/p>\t\t\t\t\t\t\t\t<\/div>\n\t\t\t\t\t<\/div>\n\t\t\t\t<\/div>\n\t\t<div class=\"elementor-element elementor-element-23ba5e9 e-flex e-con-boxed e-con e-parent\" data-id=\"23ba5e9\" data-element_type=\"container\" data-settings=\"{&quot;background_background&quot;:&quot;classic&quot;}\">\n\t\t\t\t\t<div class=\"e-con-inner\">\n\t\t\t\t<div class=\"elementor-element elementor-element-c115604 elementor-widget elementor-widget-heading\" data-id=\"c115604\" data-element_type=\"widget\" data-widget_type=\"heading.default\">\n\t\t\t\t\t<h3 class=\"elementor-heading-title elementor-size-default\">Visitar<\/h3>\t\t\t\t<\/div>\n\t\t\t\t<div class=\"elementor-element elementor-element-cad5da5 elementor-align-center elementor-widget elementor-widget-button\" data-id=\"cad5da5\" data-element_type=\"widget\" data-widget_type=\"button.default\">\n\t\t\t\t\t\t\t\t\t\t<a class=\"elementor-button elementor-button-link elementor-size-sm\" href=\"https:\/\/ingrammarinegroup.com\/\" target=\"_blank\">\n\t\t\t\t\t\t<span class=\"elementor-button-content-wrapper\">\n\t\t\t\t\t\t\t\t\t<span class=\"elementor-button-text\">Let's Go<\/span>\n\t\t\t\t\t<\/span>\n\t\t\t\t\t<\/a>\n\t\t\t\t\t\t\t\t<\/div>\n\t\t\t\t\t<\/div>\n\t\t\t\t<\/div>\n\t\t<div class=\"elementor-element elementor-element-7e957ae e-flex e-con-boxed e-con e-parent\" data-id=\"7e957ae\" data-element_type=\"container\" data-settings=\"{&quot;background_background&quot;:&quot;classic&quot;}\">\n\t\t\t\t\t<div class=\"e-con-inner\">\n\t\t\t\t<div class=\"elementor-element elementor-element-9f08e5b elementor-widget elementor-widget-heading\" data-id=\"9f08e5b\" data-element_type=\"widget\" data-widget_type=\"heading.default\">\n\t\t\t\t\t<h2 class=\"elementor-heading-title elementor-size-default\">Email Us<\/h2>\t\t\t\t<\/div>\n\t\t\t\t<div class=\"elementor-element elementor-element-fb4c846 elementor-button-align-center elementor-widget__width-initial elementor-widget elementor-widget-form\" data-id=\"fb4c846\" data-element_type=\"widget\" data-settings=\"{&quot;step_next_label&quot;:&quot;Next&quot;,&quot;step_previous_label&quot;:&quot;Previous&quot;,&quot;button_width&quot;:&quot;100&quot;,&quot;step_type&quot;:&quot;number_text&quot;,&quot;step_icon_shape&quot;:&quot;circle&quot;}\" data-widget_type=\"form.default\">\n\t\t\t\t\t\t\t<form class=\"elementor-form\" method=\"post\" name=\"New Form\" aria-label=\"New Form\" action=\"\">\n\t\t\t<input type=\"hidden\" name=\"post_id\" value=\"438\"\/>\n\t\t\t<input type=\"hidden\" name=\"form_id\" value=\"fb4c846\"\/>\n\t\t\t<input type=\"hidden\" name=\"referer_title\" value=\"Cont\u00e1ctenos - Naviera Central\" \/>\n\n\t\t\t\t\t\t\t<input type=\"hidden\" name=\"queried_id\" value=\"438\"\/>\n\t\t\t\n\t\t\t<div class=\"elementor-form-fields-wrapper elementor-labels-\">\n\t\t\t\t\t\t\t\t<div class=\"elementor-field-type-text elementor-field-group elementor-column elementor-field-group-name elementor-col-100\">\n\t\t\t\t\t\t\t\t\t\t\t\t<label for=\"form-field-name\" class=\"elementor-field-label elementor-screen-only\">\n\t\t\t\t\t\t\t\tFULL NAME\t\t\t\t\t\t\t<\/label>\n\t\t\t\t\t\t\t\t\t\t\t\t\t\t<input size=\"1\" type=\"text\" name=\"form_fields[name]\" id=\"form-field-name\" class=\"elementor-field elementor-size-sm  elementor-field-textual\" placeholder=\"FULL NAME\">\n\t\t\t\t\t\t\t\t\t\t\t<\/div>\n\t\t\t\t\t\t\t\t<div class=\"elementor-field-type-email elementor-field-group elementor-column elementor-field-group-email elementor-col-100 elementor-field-required\">\n\t\t\t\t\t\t\t\t\t\t\t\t<label for=\"form-field-email\" class=\"elementor-field-label elementor-screen-only\">\n\t\t\t\t\t\t\t\tEMAIL ADDRESS\t\t\t\t\t\t\t<\/label>\n\t\t\t\t\t\t\t\t\t\t\t\t\t\t<input size=\"1\" type=\"email\" name=\"form_fields[email]\" id=\"form-field-email\" class=\"elementor-field elementor-size-sm  elementor-field-textual\" placeholder=\"EMAIL ADDRESS\" required=\"required\">\n\t\t\t\t\t\t\t\t\t\t\t<\/div>\n\t\t\t\t\t\t\t\t<div class=\"elementor-field-type-textarea elementor-field-group elementor-column elementor-field-group-message elementor-col-100\">\n\t\t\t\t\t\t\t\t\t\t\t\t<label for=\"form-field-message\" class=\"elementor-field-label elementor-screen-only\">\n\t\t\t\t\t\t\t\tHOW CAN WE HELP?\t\t\t\t\t\t\t<\/label>\n\t\t\t\t\t\t<textarea class=\"elementor-field-textual elementor-field  elementor-size-sm\" name=\"form_fields[message]\" id=\"form-field-message\" rows=\"4\" placeholder=\"HOW CAN WE HELP?\"><\/textarea>\t\t\t\t<\/div>\n\t\t\t\t\t\t\t\t<div class=\"elementor-field-group elementor-column elementor-field-type-submit elementor-col-100 e-form__buttons\">\n\t\t\t\t\t<button class=\"elementor-button elementor-size-sm\" type=\"submit\">\n\t\t\t\t\t\t<span class=\"elementor-button-content-wrapper\">\n\t\t\t\t\t\t\t\t\t\t\t\t\t\t\t\t\t\t\t\t\t\t<span class=\"elementor-button-text\">SEND<\/span>\n\t\t\t\t\t\t\t\t\t\t\t\t\t<\/span>\n\t\t\t\t\t<\/button>\n\t\t\t\t<\/div>\n\t\t\t<\/div>\n\t\t<input type=\"hidden\" name=\"trp-form-language\" value=\"en\"\/><\/form>\n\t\t\t\t\t\t<\/div>\n\t\t\t\t\t<\/div>\n\t\t\t\t<\/div>\n\t\t\t\t<\/div>","protected":false},"excerpt":{"rendered":"<p>P\u00f3ngase en contacto Cont\u00e1ctenos Naviera Central est\u00e1 basada en Barranquilla, Colombia. Para preguntas o consultas generales, favor enviar un correo mediante el siguiente enlace o comun\u00edquese directamente con nuestra oficina. Sedes SEDE PRINCIPAL NAVIERA CENTRAL Naviera HeadquartersCalle 77 B No. 59-61 Oficina 811Centro Empresarial Las Americas IIBarranquilla, Colombia 080002T: + 57 605 310-0630C: +57 310 [&hellip;]<\/p>","protected":false},"author":2,"featured_media":0,"parent":0,"menu_order":0,"comment_status":"closed","ping_status":"closed","template":"","meta":{"footnotes":""},"class_list":["post-438","page","type-page","status-publish","hentry"],"yoast_head":"<!-- This site is optimized with the Yoast SEO plugin v26.3 - https:\/\/yoast.com\/wordpress\/plugins\/seo\/ -->\n<title>Cont\u00e1ctenos - Naviera Central<\/title>\n<meta name=\"robots\" content=\"index, follow, max-snippet:-1, max-image-preview:large, max-video-preview:-1\" \/>\n<link rel=\"canonical\" href=\"https:\/\/navieracentral.com\/en\/contactenos\/\" \/>\n<meta property=\"og:locale\" content=\"en_US\" \/>\n<meta property=\"og:type\" content=\"article\" \/>\n<meta property=\"og:title\" content=\"Cont\u00e1ctenos - Naviera Central\" \/>\n<meta property=\"og:description\" content=\"P\u00f3ngase en contacto Cont\u00e1ctenos Naviera Central est\u00e1 basada en Barranquilla, Colombia. Para preguntas o consultas generales, favor enviar un correo mediante el siguiente enlace o comun\u00edquese directamente con nuestra oficina. Sedes SEDE PRINCIPAL NAVIERA CENTRAL Naviera HeadquartersCalle 77 B No. 59-61 Oficina 811Centro Empresarial Las Americas IIBarranquilla, Colombia 080002T: + 57 605 310-0630C: +57 310 [&hellip;]\" \/>\n<meta property=\"og:url\" content=\"https:\/\/navieracentral.com\/en\/contactenos\/\" \/>\n<meta property=\"og:site_name\" content=\"Naviera Central\" \/>\n<meta property=\"article:modified_time\" content=\"2025-10-10T13:45:16+00:00\" \/>\n<meta name=\"twitter:card\" content=\"summary_large_image\" \/>\n<script type=\"application\/ld+json\" class=\"yoast-schema-graph\">{\"@context\":\"https:\/\/schema.org\",\"@graph\":[{\"@type\":\"WebPage\",\"@id\":\"https:\/\/navieracentral.com\/contactenos\/\",\"url\":\"https:\/\/navieracentral.com\/contactenos\/\",\"name\":\"Cont\u00e1ctenos - Naviera Central\",\"isPartOf\":{\"@id\":\"https:\/\/navieracentral.com\/#website\"},\"datePublished\":\"2025-10-02T15:00:04+00:00\",\"dateModified\":\"2025-10-10T13:45:16+00:00\",\"breadcrumb\":{\"@id\":\"https:\/\/navieracentral.com\/contactenos\/#breadcrumb\"},\"inLanguage\":\"en-US\",\"potentialAction\":[{\"@type\":\"ReadAction\",\"target\":[\"https:\/\/navieracentral.com\/contactenos\/\"]}]},{\"@type\":\"BreadcrumbList\",\"@id\":\"https:\/\/navieracentral.com\/contactenos\/#breadcrumb\",\"itemListElement\":[{\"@type\":\"ListItem\",\"position\":1,\"name\":\"Home\",\"item\":\"https:\/\/navieracentral.com\/\"},{\"@type\":\"ListItem\",\"position\":2,\"name\":\"Cont\u00e1ctenos\"}]},{\"@type\":\"WebSite\",\"@id\":\"https:\/\/navieracentral.com\/#website\",\"url\":\"https:\/\/navieracentral.com\/\",\"name\":\"Naviera Central\",\"description\":\"M\u00e1s all\u00e1 de sus expectativas\",\"publisher\":{\"@id\":\"https:\/\/navieracentral.com\/#organization\"},\"potentialAction\":[{\"@type\":\"SearchAction\",\"target\":{\"@type\":\"EntryPoint\",\"urlTemplate\":\"https:\/\/navieracentral.com\/?s={search_term_string}\"},\"query-input\":{\"@type\":\"PropertyValueSpecification\",\"valueRequired\":true,\"valueName\":\"search_term_string\"}}],\"inLanguage\":\"en-US\"},{\"@type\":\"Organization\",\"@id\":\"https:\/\/navieracentral.com\/#organization\",\"name\":\"Naviera Central\",\"url\":\"https:\/\/navieracentral.com\/\",\"logo\":{\"@type\":\"ImageObject\",\"inLanguage\":\"en-US\",\"@id\":\"https:\/\/navieracentral.com\/#\/schema\/logo\/image\/\",\"url\":\"https:\/\/navieracentral.com\/wp-content\/uploads\/2025\/09\/naviera-central-logo-blue2.svg\",\"contentUrl\":\"https:\/\/navieracentral.com\/wp-content\/uploads\/2025\/09\/naviera-central-logo-blue2.svg\",\"width\":252,\"height\":39,\"caption\":\"Naviera Central\"},\"image\":{\"@id\":\"https:\/\/navieracentral.com\/#\/schema\/logo\/image\/\"}}]}<\/script>\n<!-- \/ Yoast SEO plugin. -->","yoast_head_json":{"title":"Cont\u00e1ctenos - Naviera Central","robots":{"index":"index","follow":"follow","max-snippet":"max-snippet:-1","max-image-preview":"max-image-preview:large","max-video-preview":"max-video-preview:-1"},"canonical":"https:\/\/navieracentral.com\/en\/contactenos\/","og_locale":"en_US","og_type":"article","og_title":"Cont\u00e1ctenos - Naviera Central","og_description":"P\u00f3ngase en contacto Cont\u00e1ctenos Naviera Central est\u00e1 basada en Barranquilla, Colombia. Para preguntas o consultas generales, favor enviar un correo mediante el siguiente enlace o comun\u00edquese directamente con nuestra oficina. Sedes SEDE PRINCIPAL NAVIERA CENTRAL Naviera HeadquartersCalle 77 B No. 59-61 Oficina 811Centro Empresarial Las Americas IIBarranquilla, Colombia 080002T: + 57 605 310-0630C: +57 310 [&hellip;]","og_url":"https:\/\/navieracentral.com\/en\/contactenos\/","og_site_name":"Naviera Central","article_modified_time":"2025-10-10T13:45:16+00:00","twitter_card":"summary_large_image","schema":{"@context":"https:\/\/schema.org","@graph":[{"@type":"WebPage","@id":"https:\/\/navieracentral.com\/contactenos\/","url":"https:\/\/navieracentral.com\/contactenos\/","name":"Cont\u00e1ctenos - Naviera Central","isPartOf":{"@id":"https:\/\/navieracentral.com\/#website"},"datePublished":"2025-10-02T15:00:04+00:00","dateModified":"2025-10-10T13:45:16+00:00","breadcrumb":{"@id":"https:\/\/navieracentral.com\/contactenos\/#breadcrumb"},"inLanguage":"en-US","potentialAction":[{"@type":"ReadAction","target":["https:\/\/navieracentral.com\/contactenos\/"]}]},{"@type":"BreadcrumbList","@id":"https:\/\/navieracentral.com\/contactenos\/#breadcrumb","itemListElement":[{"@type":"ListItem","position":1,"name":"Home","item":"https:\/\/navieracentral.com\/"},{"@type":"ListItem","position":2,"name":"Cont\u00e1ctenos"}]},{"@type":"WebSite","@id":"https:\/\/navieracentral.com\/#website","url":"https:\/\/navieracentral.com\/","name":"Naviera Central","description":"Service beyond expectation","publisher":{"@id":"https:\/\/navieracentral.com\/#organization"},"potentialAction":[{"@type":"SearchAction","target":{"@type":"EntryPoint","urlTemplate":"https:\/\/navieracentral.com\/?s={search_term_string}"},"query-input":{"@type":"PropertyValueSpecification","valueRequired":true,"valueName":"search_term_string"}}],"inLanguage":"en-US"},{"@type":"Organization","@id":"https:\/\/navieracentral.com\/#organization","name":"Naviera Central","url":"https:\/\/navieracentral.com\/","logo":{"@type":"ImageObject","inLanguage":"en-US","@id":"https:\/\/navieracentral.com\/#\/schema\/logo\/image\/","url":"https:\/\/navieracentral.com\/wp-content\/uploads\/2025\/09\/naviera-central-logo-blue2.svg","contentUrl":"https:\/\/navieracentral.com\/wp-content\/uploads\/2025\/09\/naviera-central-logo-blue2.svg","width":252,"height":39,"caption":"Naviera Central"},"image":{"@id":"https:\/\/navieracentral.com\/#\/schema\/logo\/image\/"}}]}},"_links":{"self":[{"href":"https:\/\/navieracentral.com\/en\/wp-json\/wp\/v2\/pages\/438","targetHints":{"allow":["GET"]}}],"collection":[{"href":"https:\/\/navieracentral.com\/en\/wp-json\/wp\/v2\/pages"}],"about":[{"href":"https:\/\/navieracentral.com\/en\/wp-json\/wp\/v2\/types\/page"}],"author":[{"embeddable":true,"href":"https:\/\/navieracentral.com\/en\/wp-json\/wp\/v2\/users\/2"}],"replies":[{"embeddable":true,"href":"https:\/\/navieracentral.com\/en\/wp-json\/wp\/v2\/comments?post=438"}],"version-history":[{"count":10,"href":"https:\/\/navieracentral.com\/en\/wp-json\/wp\/v2\/pages\/438\/revisions"}],"predecessor-version":[{"id":626,"href":"https:\/\/navieracentral.com\/en\/wp-json\/wp\/v2\/pages\/438\/revisions\/626"}],"wp:attachment":[{"href":"https:\/\/navieracentral.com\/en\/wp-json\/wp\/v2\/media?parent=438"}],"curies":[{"name":"wp","href":"https:\/\/api.w.org\/{rel}","templated":true}]}}